{"id":57,"date":"2019-01-19T20:41:19","date_gmt":"2019-01-19T19:41:19","guid":{"rendered":"http:\/\/www.gesundheitszentrum-suhl.de\/?page_id=57"},"modified":"2021-11-11T18:03:21","modified_gmt":"2021-11-11T17:03:21","slug":"praxis","status":"publish","type":"page","link":"https:\/\/www.gesundheitszentrum-suhl.de\/?page_id=57","title":{"rendered":"Praxis f\u00fcr Allgemeinmedizin"},"content":{"rendered":"\n<h3><strong> Allgemeine Informationen<\/strong><\/h3>\n\n\n\n<p>Bitte bringen Sie bei jedem Besuch Ihre Versichertenkarte und &#8211; wenn Sie zu uns \u00fcberwiesen wurden &#8211; den g\u00fcltigen \u00dcberweisungsschein mit.<\/p>\n\n\n\n<p>Bitte halten Sie beim ersten Termin auch Vorbefunde und Arztbriefe sowie eine Liste der von Ihnen eingenommenen Medikamente bereit.<\/p>\n\n\n\n<p>Wir halten an jedem Tag mehrere Notfalltermine frei, aber auch so kann es gelegentlich, bei nicht absehbarer starker Inanspruchnahme, zu Wartezeiten kommen. Wir bitten daf\u00fcr um Ihr Verst\u00e4ndnis.<\/p>\n\n\n\n<div class=\"is-layout-flex wp-container-3 wp-block-columns has-2-columns\">\n<div class=\"is-layout-flow wp-block-column\">\n<figure class=\"wp-block-image\"><img decoding=\"async\" loading=\"lazy\" width=\"157\" height=\"99\" src=\"http:\/\/www.gesundheitszentrum-suhl.de\/wp-content\/uploads\/2019\/01\/sprechstunden_grafik.jpg\" alt=\"\" class=\"wp-image-58\"\/><\/figure>\n<\/div>\n\n\n\n<div class=\"is-layout-flow wp-block-column\">\n<p>Praxis Friedberg: Pf\u00fctschbergstra\u00dfe 2, 98527 Suhl<\/p>\n\n\n\n<p>Praxis Himmelreich: Alexander-Gerbig-Str.49, 98527 Suhl <\/p>\n\n\n\n<p><\/p>\n<\/div>\n<\/div>\n\n\n\n<h3><strong>\u00d6ffnungszeiten Pf\u00fctschbergstra\u00dfe (Friedberg)<\/strong> TEL: 03681-801212<\/h3>\n\n\n\n<figure class=\"wp-block-table is-style-stripes\"><table><tbody><tr><td>Montag<\/td><td>12:30<\/td><td>&#8211;<\/td><td>16:00<\/td><td>Uhr<\/td><\/tr><tr><td>Dienstag<\/td><td><\/td><td><\/td><td><\/td><td><\/td><\/tr><tr><td>Mittwoch<\/td><td>12:30<\/td><td>&#8211;<\/td><td>16:00<\/td><td>Uhr<\/td><\/tr><tr><td>Donnerstag<\/td><td><\/td><td><\/td><td><\/td><td><\/td><\/tr><tr><td>Freitag<\/td><td><\/td><td><\/td><td><\/td><td><\/td><\/tr><\/tbody><\/table><\/figure>\n\n\n\n<h3><strong>\u00d6ffnungszeiten Himmelreich<\/strong> TEL:03681-760106<\/h3>\n\n\n\n<figure class=\"wp-block-table is-style-stripes\"><table><tbody><tr><td>Montag<\/td><td>07:00<\/td><td>&#8211;<\/td><td>12:00<\/td><td>Uhr<\/td><\/tr><tr><td>Dienstag<\/td><td>13:00<\/td><td>&#8211;<\/td><td>18:00<\/td><td>Uhr<\/td><\/tr><tr><td>Mittwoch<\/td><td>07:00<\/td><td>&#8211;<\/td><td>12:00<\/td><td>Uhr<\/td><\/tr><tr><td>Donnerstag<\/td><td>07:00<\/td><td>&#8211;<\/td><td>12:00<\/td><td>Uhr<\/td><\/tr><tr><td>Freitag<\/td><td>07:00<\/td><td>&#8211;<\/td><td>12:00<\/td><td>Uhr<\/td><\/tr><\/tbody><\/table><\/figure>\n","protected":false},"excerpt":{"rendered":"<p>Allgemeine Informationen Bitte bringen Sie bei jedem Besuch Ihre Versichertenkarte und &#8211; wenn Sie zu uns \u00fcberwiesen wurden &#8211; den g\u00fcltigen \u00dcberweisungsschein mit. Bitte halten Sie beim ersten Termin auch Vorbefunde und Arztbriefe sowie eine Liste der von Ihnen eingenommenen Medikamente bereit. Wir halten an jedem Tag mehrere Notfalltermine frei, aber auch so kann es [&hellip;]<\/p>\n","protected":false},"author":1,"featured_media":0,"parent":0,"menu_order":50,"comment_status":"closed","ping_status":"closed","template":"","meta":[],"_links":{"self":[{"href":"https:\/\/www.gesundheitszentrum-suhl.de\/index.php?rest_route=\/wp\/v2\/pages\/57"}],"collection":[{"href":"https:\/\/www.gesundheitszentrum-suhl.de\/index.php?rest_route=\/wp\/v2\/pages"}],"about":[{"href":"https:\/\/www.gesundheitszentrum-suhl.de\/index.php?rest_route=\/wp\/v2\/types\/page"}],"author":[{"embeddable":true,"href":"https:\/\/www.gesundheitszentrum-suhl.de\/index.php?rest_route=\/wp\/v2\/users\/1"}],"replies":[{"embeddable":true,"href":"https:\/\/www.gesundheitszentrum-suhl.de\/index.php?rest_route=%2Fwp%2Fv2%2Fcomments&post=57"}],"version-history":[{"count":26,"href":"https:\/\/www.gesundheitszentrum-suhl.de\/index.php?rest_route=\/wp\/v2\/pages\/57\/revisions"}],"predecessor-version":[{"id":2952,"href":"https:\/\/www.gesundheitszentrum-suhl.de\/index.php?rest_route=\/wp\/v2\/pages\/57\/revisions\/2952"}],"wp:attachment":[{"href":"https:\/\/www.gesundheitszentrum-suhl.de\/index.php?rest_route=%2Fwp%2Fv2%2Fmedia&parent=57"}],"curies":[{"name":"wp","href":"https:\/\/api.w.org\/{rel}","templated":true}]}}