{"id":537,"date":"2020-01-22T20:29:01","date_gmt":"2020-01-22T19:29:01","guid":{"rendered":"http:\/\/www.gesundheitszentrum-suhl.de\/?page_id=537"},"modified":"2021-11-20T16:18:28","modified_gmt":"2021-11-20T15:18:28","slug":"osteopathie","status":"publish","type":"page","link":"https:\/\/www.gesundheitszentrum-suhl.de\/?page_id=537","title":{"rendered":"Osteopathie"},"content":{"rendered":"\n<div class=\"wp-block-image is-style-rounded\"><figure class=\"aligncenter size-large is-resized\"><img decoding=\"async\" loading=\"lazy\" src=\"http:\/\/www.gesundheitszentrum-suhl.de\/wp-content\/uploads\/2021\/11\/224-1024x682.jpg\" alt=\"\" class=\"wp-image-2974\" width=\"482\" height=\"320\" srcset=\"https:\/\/www.gesundheitszentrum-suhl.de\/wp-content\/uploads\/2021\/11\/224-1024x682.jpg 1024w, https:\/\/www.gesundheitszentrum-suhl.de\/wp-content\/uploads\/2021\/11\/224-300x200.jpg 300w, https:\/\/www.gesundheitszentrum-suhl.de\/wp-content\/uploads\/2021\/11\/224-768x512.jpg 768w, https:\/\/www.gesundheitszentrum-suhl.de\/wp-content\/uploads\/2021\/11\/224-1536x1024.jpg 1536w, https:\/\/www.gesundheitszentrum-suhl.de\/wp-content\/uploads\/2021\/11\/224-2048x1365.jpg 2048w\" sizes=\"(max-width: 482px) 100vw, 482px\" \/><\/figure><\/div>\n\n\n\n<h3><strong>Was ist  Osteopathie ?<\/strong><\/h3>\n\n\n\n<p>Osteopathie ist eine eigenst\u00e4ndige Form der Medizin. Sie dient dem Erkennen und Behandeln von Funktionsst\u00f6rungen. Dazu nutzt sie eigene<br>Techniken, die mit den H\u00e4nden ausgef\u00fchrt werden. Die Osteopathie nimmt jeden Patienten als Individuum wahr und behandelt ihn in seiner<br>Gesamtheit. Sie ist deshalb eine ganzheitliche Form der Medizin.<br>Vor \u00fcber 140 Jahren entdeckte der amerikanische Arzt Andrew Taylor Still die Prinzipien der Osteopathie und begr\u00fcndete damit eine neue Medizin.<br>Seit jener Zeit hat sich die Osteopathie kontinuierlich weiterentwickelt, in den USA, ebenso wie in Europa und anderen Teilen der Welt.<br>Der Osteopath behandelt ausschlie\u00dflich mit den H\u00e4nden. Ziel der Behandlung ist es, mit ihnen als feinf\u00fchlige und jahrelang geschulte Instrumente<br>Bewegungseinschr\u00e4nkungen zu erkennen und osteopathisch zu behandeln.  <br><\/p>\n\n\n\n<hr class=\"wp-block-separator\"\/>\n\n\n\n<h3><strong> Wie wirkt Osteopathie?<\/strong> <\/h3>\n\n\n\n<p>Unser Organismus besteht aus unz\u00e4hligen Strukturen, die alle direkt oder indirekt miteinander zusammenh\u00e4ngen. Den Zusammenhang stellen die<br>Faszien her, d\u00fcnne Bindegewebsh\u00fcllen, die jede Struktur umgeben und gemeinsam eine gro\u00dfe K\u00f6rperfaszie bilden.<br>In der Schulmedizin finden die meisten Faszien kaum Beachtung. F\u00fcr die Osteopathie sind sie dagegen von gro\u00dfer Bedeutung. Denn folgt der<br>Osteopath mit seinen H\u00e4nden einer Faszie, so gelangt er von einer K\u00f6rperstruktur zur n\u00e4chsten. Faszien verbinden auch solche Strukturen, die<br>funktionell nichts miteinander zu tun haben. Faszien k\u00f6nnen zudem aus Sicht der Osteopathie Ver\u00e4nderungen \u00fcbertragen, wie etwa<br>Funktionsst\u00f6rungen. Dies erkl\u00e4rt, warum Osteopathen oft beobachten, dass Ursachen an einer Stelle oft zu Beschwerden in ganz anderen<br>K\u00f6rperregionen f\u00fchren.<br>Funktionsst\u00f6rungen k\u00f6nnen deshalb immer den gesamten Organismus betreffen. Darum behandelt die Osteopathie nie einzelne Beschwerden oder<br>Krankheiten, sondern immer den Patienten in seiner Gesamtheit.<br>Der Osteopath behandelt ausschlie\u00dflich mit seinen H\u00e4nden.  <\/p>\n\n\n\n<div class=\"wp-block-image is-style-rounded\"><figure class=\"aligncenter size-large is-resized\"><img decoding=\"async\" loading=\"lazy\" src=\"http:\/\/www.gesundheitszentrum-suhl.de\/wp-content\/uploads\/2021\/11\/426-682x1024.jpg\" alt=\"\" class=\"wp-image-2975\" width=\"322\" height=\"483\" srcset=\"https:\/\/www.gesundheitszentrum-suhl.de\/wp-content\/uploads\/2021\/11\/426-682x1024.jpg 682w, https:\/\/www.gesundheitszentrum-suhl.de\/wp-content\/uploads\/2021\/11\/426-200x300.jpg 200w, https:\/\/www.gesundheitszentrum-suhl.de\/wp-content\/uploads\/2021\/11\/426-768x1152.jpg 768w, https:\/\/www.gesundheitszentrum-suhl.de\/wp-content\/uploads\/2021\/11\/426-1024x1536.jpg 1024w, https:\/\/www.gesundheitszentrum-suhl.de\/wp-content\/uploads\/2021\/11\/426-1365x2048.jpg 1365w, https:\/\/www.gesundheitszentrum-suhl.de\/wp-content\/uploads\/2021\/11\/426.jpg 1666w\" sizes=\"(max-width: 322px) 100vw, 322px\" \/><\/figure><\/div>\n\n\n\n<p><br><\/p>\n\n\n\n<hr class=\"wp-block-separator\"\/>\n\n\n\n<h3><strong>Welche M\u00f6glichkeiten bietet die Osteopathie?<\/strong>  <\/h3>\n\n\n\n<p>Die Osteopathie besch\u00e4ftigt sich nicht mit der Behandlung einzelner Symptome, sondern will immer die Ursachen von Beschwerden aufsp\u00fcren und<br>behandeln. Ziel einer Osteopathiebehandlung ist es, die Funktionsst\u00f6rungen und Blockaden, die eine Krankheit herbeif\u00fchren, beg\u00fcnstigen oder<br>aufrechterhalten kann, zu l\u00f6sen und so dem K\u00f6rper zu helfen, Gesundheit wiederzuerlangen.<br><\/p>\n\n\n\n<hr class=\"wp-block-separator\"\/>\n\n\n\n<h3><strong>Anwendungsgebiete<\/strong><\/h3>\n\n\n\n<p>Die Osteopathie kann in allen medizinischen Bereichen Anwendung finden, wo funktionelle St\u00f6rungen die Ursache f\u00fcr die Beschwerden sind. Dabei<br>kann die Osteopathie als erste Ma\u00dfnahme aber auch begleitend zu anderen medizinischen Behandlungen eingesetzt werden. Letzteres vor allem<br>dann, wenn es sich um schwere Pathologien, also ernste Erkrankungen, handelt. In jedem Fall ist eine interdisziplin\u00e4re Behandlung des Patienten<br>erstrebenswert, um die Gesundung des Patienten zu optimieren.  <\/p>\n\n\n\n<p><br>Es handelt sich um eine <strong>Therapieform f\u00fcr Erwachsene, Kinder und S\u00e4uglinge<\/strong>.<\/p>\n\n\n\n<figure class=\"wp-block-image size-large is-resized is-style-rounded\"><img decoding=\"async\" loading=\"lazy\" src=\"http:\/\/www.gesundheitszentrum-suhl.de\/wp-content\/uploads\/2021\/11\/191-1024x682.jpg\" alt=\"\" class=\"wp-image-2977\" width=\"455\" height=\"303\" srcset=\"https:\/\/www.gesundheitszentrum-suhl.de\/wp-content\/uploads\/2021\/11\/191-1024x682.jpg 1024w, https:\/\/www.gesundheitszentrum-suhl.de\/wp-content\/uploads\/2021\/11\/191-300x200.jpg 300w, https:\/\/www.gesundheitszentrum-suhl.de\/wp-content\/uploads\/2021\/11\/191-768x512.jpg 768w, https:\/\/www.gesundheitszentrum-suhl.de\/wp-content\/uploads\/2021\/11\/191-1536x1024.jpg 1536w, https:\/\/www.gesundheitszentrum-suhl.de\/wp-content\/uploads\/2021\/11\/191-2048x1365.jpg 2048w\" sizes=\"(max-width: 455px) 100vw, 455px\" \/><\/figure>\n\n\n\n<div class=\"wp-block-image is-style-rounded\"><figure class=\"alignright size-large is-resized\"><img decoding=\"async\" loading=\"lazy\" src=\"http:\/\/www.gesundheitszentrum-suhl.de\/wp-content\/uploads\/2021\/11\/183-1024x682.jpg\" alt=\"\" class=\"wp-image-2976\" width=\"455\" height=\"303\" srcset=\"https:\/\/www.gesundheitszentrum-suhl.de\/wp-content\/uploads\/2021\/11\/183-1024x682.jpg 1024w, https:\/\/www.gesundheitszentrum-suhl.de\/wp-content\/uploads\/2021\/11\/183-300x200.jpg 300w, https:\/\/www.gesundheitszentrum-suhl.de\/wp-content\/uploads\/2021\/11\/183-768x512.jpg 768w, https:\/\/www.gesundheitszentrum-suhl.de\/wp-content\/uploads\/2021\/11\/183-1536x1024.jpg 1536w, https:\/\/www.gesundheitszentrum-suhl.de\/wp-content\/uploads\/2021\/11\/183-2048x1365.jpg 2048w\" sizes=\"(max-width: 455px) 100vw, 455px\" \/><\/figure><\/div>\n\n\n\n<p><\/p>\n\n\n\n<p><\/p>\n\n\n\n<p><\/p>\n\n\n\n<p><\/p>\n\n\n\n<p><\/p>\n\n\n\n<p><\/p>\n\n\n\n<p><\/p>\n\n\n\n<p><\/p>\n\n\n\n<p><\/p>\n\n\n\n<p><\/p>\n\n\n\n<p class=\"has-medium-font-size\"><strong>  <\/strong><\/p>\n\n\n\n<p class=\"has-medium-font-size\"><\/p>\n\n\n\n<p><\/p>\n\n\n\n<p><\/p>\n\n\n\n<p><\/p>\n\n\n\n<p><\/p>\n","protected":false},"excerpt":{"rendered":"<p>Was ist Osteopathie ? Osteopathie ist eine eigenst\u00e4ndige Form der Medizin. Sie dient dem Erkennen und Behandeln von Funktionsst\u00f6rungen. Dazu nutzt sie eigeneTechniken, die mit den H\u00e4nden ausgef\u00fchrt werden. Die Osteopathie nimmt jeden Patienten als Individuum wahr und behandelt ihn in seinerGesamtheit. Sie ist deshalb eine ganzheitliche Form der Medizin.Vor \u00fcber 140 Jahren entdeckte der [&hellip;]<\/p>\n","protected":false},"author":1,"featured_media":0,"parent":39,"menu_order":0,"comment_status":"closed","ping_status":"closed","template":"","meta":[],"_links":{"self":[{"href":"https:\/\/www.gesundheitszentrum-suhl.de\/index.php?rest_route=\/wp\/v2\/pages\/537"}],"collection":[{"href":"https:\/\/www.gesundheitszentrum-suhl.de\/index.php?rest_route=\/wp\/v2\/pages"}],"about":[{"href":"https:\/\/www.gesundheitszentrum-suhl.de\/index.php?rest_route=\/wp\/v2\/types\/page"}],"author":[{"embeddable":true,"href":"https:\/\/www.gesundheitszentrum-suhl.de\/index.php?rest_route=\/wp\/v2\/users\/1"}],"replies":[{"embeddable":true,"href":"https:\/\/www.gesundheitszentrum-suhl.de\/index.php?rest_route=%2Fwp%2Fv2%2Fcomments&post=537"}],"version-history":[{"count":14,"href":"https:\/\/www.gesundheitszentrum-suhl.de\/index.php?rest_route=\/wp\/v2\/pages\/537\/revisions"}],"predecessor-version":[{"id":2999,"href":"https:\/\/www.gesundheitszentrum-suhl.de\/index.php?rest_route=\/wp\/v2\/pages\/537\/revisions\/2999"}],"up":[{"embeddable":true,"href":"https:\/\/www.gesundheitszentrum-suhl.de\/index.php?rest_route=\/wp\/v2\/pages\/39"}],"wp:attachment":[{"href":"https:\/\/www.gesundheitszentrum-suhl.de\/index.php?rest_route=%2Fwp%2Fv2%2Fmedia&parent=537"}],"curies":[{"name":"wp","href":"https:\/\/api.w.org\/{rel}","templated":true}]}}