{"id":449,"date":"2020-01-19T18:04:09","date_gmt":"2020-01-19T17:04:09","guid":{"rendered":"http:\/\/www.gesundheitszentrum-suhl.de\/?page_id=449"},"modified":"2021-11-20T16:15:13","modified_gmt":"2021-11-20T15:15:13","slug":"medizinische-trainingstherapie-nach-dem-fpz-konzept","status":"publish","type":"page","link":"https:\/\/www.gesundheitszentrum-suhl.de\/?page_id=449","title":{"rendered":"Trainingstherapie &#8211; FPZ KONZEPT"},"content":{"rendered":"\n<h3> \u201eNetzwerk Integrierte Versorgung R\u00fcckenschmerz&#8220; <\/h3>\n\n\n\n<p> Die Interdisziplin\u00e4re Gesellschaft f\u00fcr Orthop\u00e4dische und Unfallchirurgische Schmerztherapie e.V. (IGOST)<br>hat mit dem \u201eNetzwerk Integrierte Versorgung R\u00fcckenschmerz\u201d ein modernes Behandlungsprogramm entwickelt.  <\/p>\n\n\n\n<h3> Das Beste f\u00fcr Ihren R\u00fccken <\/h3>\n\n\n\n<p> 80 Prozent der Menschen leiden einmal in ihrem Leben an R\u00fcckenschmerzen. Ursachen daf\u00fcr sind Bewegungsmangel,<br>\u00dcbergewicht, einseitige Belastungen und vor allem muskul\u00e4re Dysbalancen. Da die Wirbels\u00e4ule prim\u00e4r von der<br>umliegenden Muskulatur stabilisiert wird, k\u00f6nnen diese Ursachen durch ein individuelles Trainingsprogramm<br>langfristig behoben werden.<br>In Kombination von speziell ausgebildeten Physiotherapeuten und in Anwendung unserer Spezialger\u00e4ten k\u00f6nnen Sie in unseren zertifizierten Therapiezentrum in R\u00fccken <strong>trainieren <\/strong>oder <strong>therapieren<\/strong>. <\/p>\n\n\n\n<figure class=\"is-layout-flex wp-block-gallery-1 wp-block-gallery columns-3 is-cropped\"><ul class=\"blocks-gallery-grid\"><li class=\"blocks-gallery-item\"><figure><img decoding=\"async\" loading=\"lazy\" width=\"592\" height=\"640\" src=\"http:\/\/www.gesundheitszentrum-suhl.de\/wp-content\/uploads\/2020\/01\/FPZ1.jpg\" alt=\"\" data-id=\"425\" data-full-url=\"http:\/\/www.gesundheitszentrum-suhl.de\/wp-content\/uploads\/2020\/01\/FPZ1.jpg\" data-link=\"http:\/\/www.gesundheitszentrum-suhl.de\/?attachment_id=425\" class=\"wp-image-425\" srcset=\"https:\/\/www.gesundheitszentrum-suhl.de\/wp-content\/uploads\/2020\/01\/FPZ1.jpg 592w, https:\/\/www.gesundheitszentrum-suhl.de\/wp-content\/uploads\/2020\/01\/FPZ1-278x300.jpg 278w\" sizes=\"(max-width: 592px) 100vw, 592px\" \/><figcaption class=\"blocks-gallery-item__caption\">Spezialger\u00e4t Hals<\/figcaption><\/figure><\/li><li class=\"blocks-gallery-item\"><figure><img decoding=\"async\" loading=\"lazy\" width=\"544\" height=\"640\" src=\"http:\/\/www.gesundheitszentrum-suhl.de\/wp-content\/uploads\/2020\/01\/FpZ2.jpg\" alt=\"\" data-id=\"426\" data-full-url=\"http:\/\/www.gesundheitszentrum-suhl.de\/wp-content\/uploads\/2020\/01\/FpZ2.jpg\" data-link=\"http:\/\/www.gesundheitszentrum-suhl.de\/?attachment_id=426\" class=\"wp-image-426\" srcset=\"https:\/\/www.gesundheitszentrum-suhl.de\/wp-content\/uploads\/2020\/01\/FpZ2.jpg 544w, https:\/\/www.gesundheitszentrum-suhl.de\/wp-content\/uploads\/2020\/01\/FpZ2-255x300.jpg 255w\" sizes=\"(max-width: 544px) 100vw, 544px\" \/><figcaption class=\"blocks-gallery-item__caption\">Therapieger\u00e4t<\/figcaption><\/figure><\/li><li class=\"blocks-gallery-item\"><figure><img decoding=\"async\" loading=\"lazy\" width=\"566\" height=\"640\" src=\"http:\/\/www.gesundheitszentrum-suhl.de\/wp-content\/uploads\/2020\/01\/Mov4.jpg\" alt=\"\" data-id=\"433\" data-full-url=\"http:\/\/www.gesundheitszentrum-suhl.de\/wp-content\/uploads\/2020\/01\/Mov4.jpg\" data-link=\"http:\/\/www.gesundheitszentrum-suhl.de\/?attachment_id=433\" class=\"wp-image-433\" srcset=\"https:\/\/www.gesundheitszentrum-suhl.de\/wp-content\/uploads\/2020\/01\/Mov4.jpg 566w, https:\/\/www.gesundheitszentrum-suhl.de\/wp-content\/uploads\/2020\/01\/Mov4-265x300.jpg 265w\" sizes=\"(max-width: 566px) 100vw, 566px\" \/><figcaption class=\"blocks-gallery-item__caption\">Therapieger\u00e4t<\/figcaption><\/figure><\/li><\/ul><\/figure>\n\n\n\n<p><\/p>\n","protected":false},"excerpt":{"rendered":"<p>\u201eNetzwerk Integrierte Versorgung R\u00fcckenschmerz&#8220; Die Interdisziplin\u00e4re Gesellschaft f\u00fcr Orthop\u00e4dische und Unfallchirurgische Schmerztherapie e.V. (IGOST)hat mit dem \u201eNetzwerk Integrierte Versorgung R\u00fcckenschmerz\u201d ein modernes Behandlungsprogramm entwickelt. Das Beste f\u00fcr Ihren R\u00fccken 80 Prozent der Menschen leiden einmal in ihrem Leben an R\u00fcckenschmerzen. Ursachen daf\u00fcr sind Bewegungsmangel,\u00dcbergewicht, einseitige Belastungen und vor allem muskul\u00e4re Dysbalancen. Da die Wirbels\u00e4ule prim\u00e4r [&hellip;]<\/p>\n","protected":false},"author":1,"featured_media":0,"parent":39,"menu_order":0,"comment_status":"closed","ping_status":"closed","template":"","meta":[],"_links":{"self":[{"href":"https:\/\/www.gesundheitszentrum-suhl.de\/index.php?rest_route=\/wp\/v2\/pages\/449"}],"collection":[{"href":"https:\/\/www.gesundheitszentrum-suhl.de\/index.php?rest_route=\/wp\/v2\/pages"}],"about":[{"href":"https:\/\/www.gesundheitszentrum-suhl.de\/index.php?rest_route=\/wp\/v2\/types\/page"}],"author":[{"embeddable":true,"href":"https:\/\/www.gesundheitszentrum-suhl.de\/index.php?rest_route=\/wp\/v2\/users\/1"}],"replies":[{"embeddable":true,"href":"https:\/\/www.gesundheitszentrum-suhl.de\/index.php?rest_route=%2Fwp%2Fv2%2Fcomments&post=449"}],"version-history":[{"count":4,"href":"https:\/\/www.gesundheitszentrum-suhl.de\/index.php?rest_route=\/wp\/v2\/pages\/449\/revisions"}],"predecessor-version":[{"id":2998,"href":"https:\/\/www.gesundheitszentrum-suhl.de\/index.php?rest_route=\/wp\/v2\/pages\/449\/revisions\/2998"}],"up":[{"embeddable":true,"href":"https:\/\/www.gesundheitszentrum-suhl.de\/index.php?rest_route=\/wp\/v2\/pages\/39"}],"wp:attachment":[{"href":"https:\/\/www.gesundheitszentrum-suhl.de\/index.php?rest_route=%2Fwp%2Fv2%2Fmedia&parent=449"}],"curies":[{"name":"wp","href":"https:\/\/api.w.org\/{rel}","templated":true}]}}