{"id":3,"date":"2019-01-19T16:13:08","date_gmt":"2019-01-19T15:13:08","guid":{"rendered":"http:\/\/www.gesundheitszentrum-suhl.de\/?page_id=3"},"modified":"2020-01-22T20:36:07","modified_gmt":"2020-01-22T19:36:07","slug":"datenschutzerklaerung","status":"publish","type":"page","link":"https:\/\/www.gesundheitszentrum-suhl.de\/?page_id=3","title":{"rendered":"Datenschutzerkl\u00e4rung"},"content":{"rendered":"\n<h3>Wer wir sind<\/h3>\n\n\n\n<p>Die Adresse unserer Website ist: http:\/\/www.gesundheitszentrum-suhl.de.<\/p>\n\n\n\n<h3>Welche personenbezogenen Daten wir sammeln und warum wir sie sammeln<\/h3>\n\n\n\n<h4>Kontaktformular<\/h4>\n\n\n\n<p>Wenn Besucher Kommentare oder Kontakt mit uns aufnehmen, sammeln wir die von Ihnen eingegebenen Daten, die im Kontakt-Formular angezeigt werden, au\u00dferdem die IP-Adresse des Besuchers und den User-Agent-String (damit wird der Browser identifiziert), um die Erkennung von Spam zu unterst\u00fctzen.<\/p>\n\n\n\n<p>Mittels deiner E-Mail-Adresse werden die eingegebenen Daten an unsere Mailsystem versandt und dann in unserem Mailpostfach solange gespeichert, bis wir die Mail mit deinen Daten gelesen und beantwortet haben. Unter Umst\u00e4nden leiten wir deine Anfrage als Mail an berechtigte Dritte weiter um diese zu bearbeiten.<\/p>\n\n\n\n<h4>Cookies<\/h4>\n\n\n\n<p>Wenn du auf unseren Seiten aktiv bist,, wird ein zus\u00e4tzlicher Cookie in deinem Browser gespeichert. Dieser Cookie enth\u00e4lt keine personenbezogenen Daten und verweist nur auf die besuchten Seiten. Der Cookie verf\u00e4llt nach einem Tag.<\/p>\n\n\n\n<h3>Welche Rechte du an deinen Daten hast<\/h3>\n\n\n\n<p>Entsprechend der EU-Datenschutzgrundverordnung kannst Du Deine Rechte wahrnehmen. Als Ansprechpartner stehen Dir die im Impressum genannten Gesch\u00e4ftsf\u00fchrer zur Verf\u00fcgung.<\/p>\n","protected":false},"excerpt":{"rendered":"<p>Wer wir sind Die Adresse unserer Website ist: http:\/\/www.gesundheitszentrum-suhl.de. Welche personenbezogenen Daten wir sammeln und warum wir sie sammeln Kontaktformular Wenn Besucher Kommentare oder Kontakt mit uns aufnehmen, sammeln wir die von Ihnen eingegebenen Daten, die im Kontakt-Formular angezeigt werden, au\u00dferdem die IP-Adresse des Besuchers und den User-Agent-String (damit wird der Browser identifiziert), um die [&hellip;]<\/p>\n","protected":false},"author":1,"featured_media":0,"parent":0,"menu_order":98,"comment_status":"closed","ping_status":"closed","template":"","meta":[],"_links":{"self":[{"href":"https:\/\/www.gesundheitszentrum-suhl.de\/index.php?rest_route=\/wp\/v2\/pages\/3"}],"collection":[{"href":"https:\/\/www.gesundheitszentrum-suhl.de\/index.php?rest_route=\/wp\/v2\/pages"}],"about":[{"href":"https:\/\/www.gesundheitszentrum-suhl.de\/index.php?rest_route=\/wp\/v2\/types\/page"}],"author":[{"embeddable":true,"href":"https:\/\/www.gesundheitszentrum-suhl.de\/index.php?rest_route=\/wp\/v2\/users\/1"}],"replies":[{"embeddable":true,"href":"https:\/\/www.gesundheitszentrum-suhl.de\/index.php?rest_route=%2Fwp%2Fv2%2Fcomments&post=3"}],"version-history":[{"count":3,"href":"https:\/\/www.gesundheitszentrum-suhl.de\/index.php?rest_route=\/wp\/v2\/pages\/3\/revisions"}],"predecessor-version":[{"id":402,"href":"https:\/\/www.gesundheitszentrum-suhl.de\/index.php?rest_route=\/wp\/v2\/pages\/3\/revisions\/402"}],"wp:attachment":[{"href":"https:\/\/www.gesundheitszentrum-suhl.de\/index.php?rest_route=%2Fwp%2Fv2%2Fmedia&parent=3"}],"curies":[{"name":"wp","href":"https:\/\/api.w.org\/{rel}","templated":true}]}}