{"id":2,"date":"2019-01-19T16:13:08","date_gmt":"2019-01-19T15:13:08","guid":{"rendered":"http:\/\/www.gesundheitszentrum-suhl.de\/?page_id=2"},"modified":"2025-08-16T10:42:55","modified_gmt":"2025-08-16T08:42:55","slug":"beispiel-seite","status":"publish","type":"page","link":"https:\/\/www.gesundheitszentrum-suhl.de\/","title":{"rendered":"Startseite"},"content":{"rendered":"\n<p class=\"has-text-align-center\">            <strong>       <\/strong><\/p>\n\n\n\n<p><\/p>\n\n\n\n<p><\/p>\n\n\n\n<p><\/p>\n\n\n\n<p><\/p>\n\n\n\n<p><\/p>\n\n\n\n<p><\/p>\n\n\n\n<p><\/p>\n\n\n\n<p><\/p>\n\n\n\n<p><\/p>\n\n\n\n<p><\/p>\n\n\n\n<p><\/p>\n\n\n\n<p><\/p>\n\n\n\n<p><\/p>\n\n\n\n<p><\/p>\n\n\n\n<p><\/p>\n\n\n\n<p><\/p>\n\n\n\n<p><\/p>\n\n\n\n<p class=\"has-text-align-center\" style=\"font-size:30px\"><strong>Physiotherapie und Osteopathie -Termine m\u00f6glich <\/strong><\/p>\n\n\n\n<p class=\"has-very-dark-gray-color has-text-color has-background has-medium-font-size\" style=\"background-color:#a5e564\"><strong>Der Movens Trainingsbereich ist ge\u00f6ffnet<\/strong>. <strong>Bitte einen Trainings-Termin vereinbaren!<\/strong><\/p>\n\n\n\n<p><\/p>\n\n\n\n<p><\/p>\n\n\n\n<p class=\"has-very-dark-gray-color has-luminous-vivid-orange-background-color has-text-color has-background has-medium-font-size\"><strong>Der Rehasport\/Trockengymnastik findet im Freien statt<\/strong>. <strong>Termine bitte<\/strong> <strong>telefonisch erfragen. <\/strong><\/p>\n\n\n\n<p><\/p>\n\n\n\n<p><\/p>\n\n\n\n<p class=\"has-text-align-center has-very-dark-gray-color has-pale-cyan-blue-background-color has-text-color has-background\" style=\"font-size:24px\"> <strong>Wassergymnastik NEU ab 25.08.2025 im <\/strong><em><strong>Grand Hotel Suhl Bahnhofstra\u00dfe 25<\/strong><\/em><\/p>\n\n\n\n<p><\/p>\n\n\n\n<p> <\/p>\n\n\n\n<p><\/p>\n\n\n\n<p class=\"has-text-align-center has-black-color has-pale-cyan-blue-background-color has-text-color has-background\">                <strong>TERMINE<\/strong> <\/p>\n\n\n\n<p class=\"has-black-color has-pale-cyan-blue-background-color has-text-color has-background\">                            <strong>Dienstag:             19:00-19:45 \/ 20:00 &#8211; 20:45<\/strong><\/p>\n\n\n\n<p><\/p>\n\n\n\n<p><\/p>\n\n\n\n<p class=\"has-pale-cyan-blue-background-color has-background\">                            <strong>Mittwoch:       12:00-12:45\/   13:00-13<\/strong>:<strong>45   \/   14:00-14:45 <\/strong>\/   <strong>15:00-15:45<\/strong><\/p>\n\n\n\n<p><\/p>\n\n\n\n<p class=\"has-text-align-center\"><\/p>\n\n\n\n<p><\/p>\n\n\n\n<p class=\"has-pale-cyan-blue-background-color has-background\">                            <strong>Donnerstag: 12:15-13:00 \/ 13:15-14:00 \/ 14:15-15:00 \/ 15:15-16:00 <\/strong><\/p>\n\n\n\n<p class=\"has-pale-cyan-blue-background-color has-background\">                             <strong>Freitag :    12:45 -13:30 \/ 13:45-14:30 <\/strong><\/p>\n\n\n\n<p>  <\/p>\n\n\n\n<p>  <\/p>\n\n\n\n<figure class=\"is-layout-flex wp-block-gallery-1 wp-block-gallery has-nested-images columns-default is-cropped\"><\/figure>\n\n\n\n<p><\/p>\n\n\n\n<p><\/p>\n\n\n\n<p><\/p>\n\n\n\n<p><\/p>\n\n\n\n<p><\/p>\n\n\n\n<p><\/p>\n\n\n\n<p class=\"has-text-align-left has-luminous-vivid-amber-background-color has-background has-large-font-size\">     <strong>Therapie Anmeldung <\/strong><\/p>\n\n\n\n<p>Montag 10:00-12:00<br>Mittwoch 8:00-12:00<br>Donnerstag 12:00-15:00<\/p>\n\n\n\n<p><\/p>\n\n\n\n<p class=\"has-medium-font-size\"><\/p>\n\n\n\n<p><\/p>\n\n\n\n<p><\/p>\n\n\n\n<p><\/p>\n\n\n\n<p><\/p>\n\n\n\n<p><\/p>\n\n\n\n<p><\/p>\n\n\n\n<p><\/p>\n\n\n\n<p><\/p>\n\n\n\n<p><\/p>\n\n\n\n<p class=\"has-very-dark-gray-color has-very-light-gray-background-color has-text-color has-background has-medium-font-size\"><\/p>\n\n\n\n<p class=\"has-vivid-red-color has-text-color has-medium-font-size\"><\/p>\n\n\n\n<h2 id=\"gesundheit-ist-unser-hochstes-gut\">Gesundheit ist unser h\u00f6chstes Gut<\/h2>\n\n\n\n<p><strong>Herzlich willkommen im Gesundheitszentrum Michalski<\/strong> <strong>GmbH<br><\/strong><br>Hier engagieren sich \u00c4rzte, Osteopathen, Therapeuten und Mitarbeiter f\u00fcr Ihre Gesundheit.<br>Gemeinsam mit Ihnen wollen wir alles tun, damit Ihr Leben nach einer Erkrankung wieder an Qualit\u00e4t gewinnt<br>und Sie zu einem gesunden Lebensstil finden. \u201eGesundheit und Verstand sind die zwei gro\u00dfen Gaben des Lebens\u201d<br>schrieb vor 2300 Jahren der griechische Dichter Menander. So ist es nie zu sp\u00e4t, die eine gro\u00dfe Gabe zum Wohle<br>der anderen einzusetzen.<br><\/p>\n\n\n\n<div class=\"is-layout-flex wp-container-5 wp-block-columns has-2-columns\">\n<div class=\"is-layout-flow wp-block-column\">\n<figure class=\"wp-block-image\"><img decoding=\"async\" loading=\"lazy\" width=\"787\" height=\"591\" src=\"http:\/\/www.gesundheitszentrum-suhl.de\/wp-content\/uploads\/2019\/01\/04.jpg\" alt=\"\" class=\"wp-image-11\" srcset=\"https:\/\/www.gesundheitszentrum-suhl.de\/wp-content\/uploads\/2019\/01\/04.jpg 787w, https:\/\/www.gesundheitszentrum-suhl.de\/wp-content\/uploads\/2019\/01\/04-300x225.jpg 300w, https:\/\/www.gesundheitszentrum-suhl.de\/wp-content\/uploads\/2019\/01\/04-768x577.jpg 768w\" sizes=\"(max-width: 787px) 100vw, 787px\" \/><\/figure>\n<\/div>\n\n\n\n<div class=\"is-layout-flow wp-block-column\">\n<p>Wir sind seit \u00fcber 20 Jahren auf dem Gebiet der medizinischen R\u00fcckentherapie t\u00e4tig. Unser Zentrum entspricht<br>dem modernsten medizinischen Standard und bietet Ihnen spezielle Therapiem\u00f6glichkeiten f\u00fcr R\u00fccken- und<br>Herz-Kreislauf- Krankheiten<\/p>\n<\/div>\n<\/div>\n","protected":false},"excerpt":{"rendered":"<p>Physiotherapie und Osteopathie -Termine m\u00f6glich Der Movens Trainingsbereich ist ge\u00f6ffnet. Bitte einen Trainings-Termin vereinbaren! Der Rehasport\/Trockengymnastik findet im Freien statt. Termine bitte telefonisch erfragen. Wassergymnastik NEU ab 25.08.2025 im Grand Hotel Suhl Bahnhofstra\u00dfe 25 TERMINE Dienstag: 19:00-19:45 \/ 20:00 &#8211; 20:45 Mittwoch: 12:00-12:45\/ 13:00-13:45 \/ 14:00-14:45 \/ 15:00-15:45 Donnerstag: 12:15-13:00 \/ 13:15-14:00 \/ 14:15-15:00 \/ [&hellip;]<\/p>\n","protected":false},"author":1,"featured_media":0,"parent":0,"menu_order":0,"comment_status":"closed","ping_status":"closed","template":"","meta":[],"_links":{"self":[{"href":"https:\/\/www.gesundheitszentrum-suhl.de\/index.php?rest_route=\/wp\/v2\/pages\/2"}],"collection":[{"href":"https:\/\/www.gesundheitszentrum-suhl.de\/index.php?rest_route=\/wp\/v2\/pages"}],"about":[{"href":"https:\/\/www.gesundheitszentrum-suhl.de\/index.php?rest_route=\/wp\/v2\/types\/page"}],"author":[{"embeddable":true,"href":"https:\/\/www.gesundheitszentrum-suhl.de\/index.php?rest_route=\/wp\/v2\/users\/1"}],"replies":[{"embeddable":true,"href":"https:\/\/www.gesundheitszentrum-suhl.de\/index.php?rest_route=%2Fwp%2Fv2%2Fcomments&post=2"}],"version-history":[{"count":113,"href":"https:\/\/www.gesundheitszentrum-suhl.de\/index.php?rest_route=\/wp\/v2\/pages\/2\/revisions"}],"predecessor-version":[{"id":3108,"href":"https:\/\/www.gesundheitszentrum-suhl.de\/index.php?rest_route=\/wp\/v2\/pages\/2\/revisions\/3108"}],"wp:attachment":[{"href":"https:\/\/www.gesundheitszentrum-suhl.de\/index.php?rest_route=%2Fwp%2Fv2%2Fmedia&parent=2"}],"curies":[{"name":"wp","href":"https:\/\/api.w.org\/{rel}","templated":true}]}}